{"id":703,"date":"2025-10-09T14:57:02","date_gmt":"2025-10-09T13:57:02","guid":{"rendered":"https:\/\/romfisioterapiayentrenamiento.es\/?page_id=703"},"modified":"2025-11-05T21:31:27","modified_gmt":"2025-11-05T20:31:27","slug":"terapia-manual","status":"publish","type":"page","link":"https:\/\/romfisioterapiayentrenamiento.es\/?page_id=703","title":{"rendered":"TERAPIA MANUAL"},"content":{"rendered":"\n<div class=\"wp-block-stackable-columns alignfull stk-block-columns stk-block stk-6573de4\" data-block-id=\"6573de4\"><style>.stk-6573de4 {margin-top:var(--stk--preset--spacing--70, 3.38rem) !important;margin-bottom:var(--stk--preset--spacing--70, 3.38rem) !important;}<\/style><div class=\"stk-row stk-inner-blocks stk-block-content stk-content-align stk-6573de4-column alignwide\">\n<div class=\"wp-block-stackable-column stk-block-column stk-column stk-block stk-c5a8405\" data-v=\"4\" data-block-id=\"c5a8405\"><div class=\"stk-column-wrapper stk-block-column__content stk-container stk-c5a8405-container stk--no-background stk--no-padding\"><div class=\"has-text-align-center stk-block-content stk-inner-blocks stk-c5a8405-inner-blocks\">\n<div class=\"wp-block-stackable-heading stk-block-heading stk-block-heading--v2 stk-block stk-6901264\" id=\"heading-placeholder\" data-block-id=\"6901264\"><style>.stk-6901264 .stk-block-heading__text{font-size:var(--stk--preset--font-size--x-large, 50px) !important;}@media screen and (max-width:999px){.stk-6901264 .stk-block-heading__text{font-size:var(--stk--preset--font-size--x-large, 50px) !important;}}<\/style><h2 class=\"stk-block-heading__text\">TERAPIA MANUAL<\/h2><\/div>\n\n\n\n<div class=\"wp-block-stackable-text stk-block-text stk-block stk-9b0baf1\" data-block-id=\"9b0baf1\"><style>.stk-9b0baf1 .stk-block-text__text{font-size:18px !important;color:#000000 !important;font-family:\"Noto Sans Carian\", Sans-serif !important;}@media screen and (max-width:999px){.stk-9b0baf1 .stk-block-text__text{font-size:18px !important;}}<\/style><p class=\"stk-block-text__text has-text-color\">El contacto que devuelve el equilibrio.<\/p><\/div>\n\n\n\n<div class=\"wp-block-stackable-image stk-block-image stk-block stk-9e543ab\" data-block-id=\"9e543ab\"><style>.stk-9e543ab .stk-img-wrapper{aspect-ratio:3\/1 !important;width:100% !important;height:444px !important;--stk-gradient-overlay:0.3 !important;}<\/style><figure><span class=\"stk-img-wrapper stk-image--shape-stretch\"><img loading=\"lazy\" decoding=\"async\" class=\"stk-img wp-image-1260\" src=\"https:\/\/romfisioterapiayentrenamiento.es\/wp-content\/uploads\/2025\/11\/wellness-1989863_1920-1-e1762374668653.jpg\" width=\"1920\" height=\"902\" srcset=\"https:\/\/romfisioterapiayentrenamiento.es\/wp-content\/uploads\/2025\/11\/wellness-1989863_1920-1-e1762374668653.jpg 1920w, https:\/\/romfisioterapiayentrenamiento.es\/wp-content\/uploads\/2025\/11\/wellness-1989863_1920-1-e1762374668653-300x141.jpg 300w, https:\/\/romfisioterapiayentrenamiento.es\/wp-content\/uploads\/2025\/11\/wellness-1989863_1920-1-e1762374668653-1024x481.jpg 1024w, https:\/\/romfisioterapiayentrenamiento.es\/wp-content\/uploads\/2025\/11\/wellness-1989863_1920-1-e1762374668653-768x361.jpg 768w, https:\/\/romfisioterapiayentrenamiento.es\/wp-content\/uploads\/2025\/11\/wellness-1989863_1920-1-e1762374668653-1536x722.jpg 1536w\" sizes=\"auto, (max-width: 1920px) 100vw, 1920px\" \/><\/span><\/figure><\/div>\n\n\n\n<div class=\"wp-block-stackable-divider stk-block-divider stk-block stk-5e35993\" data-block-id=\"5e35993\"><style>.stk-5e35993 hr.stk-block-divider__hr{background:var(--theme-palette-color-3, #5cb8ff) !important;}<\/style><hr class=\"stk-block-divider__hr\"\/><\/div>\n\n\n\n<p class=\"has-black-color has-text-color has-link-color wp-elements-b2e4bc23a654014721976fa40dc55586\" style=\"font-size:clamp(14px, 0.875rem + ((1vw - 3.2px) * 0.313), 18px);\" data-block-type=\"core\">La terapia manual es una de las herramientas m\u00e1s valiosas dentro de nuestro enfoque de trabajo. A trav\u00e9s de t\u00e9cnicas precisas de movilizaci\u00f3n, masaje, estiramiento y manipulaci\u00f3n articular, buscamos aliviar el dolor, recuperar la movilidad y restablecer el equilibrio natural del cuerpo.<\/p>\n\n\n\n<p class=\"has-black-color has-text-color has-link-color wp-elements-275c7fd488409e08eb5907d401c34835\" style=\"font-size:clamp(14px, 0.875rem + ((1vw - 3.2px) * 0.313), 18px);\" data-block-type=\"core\">No se trata solo de \u201ctratar una zona\u201d, sino de entender c\u00f3mo todo est\u00e1 conectado. Una rigidez cervical puede alterar la mec\u00e1nica de tu hombro; una sobrecarga lumbar puede influir en tus piernas o en tu forma de moverte. Por eso, el trabajo manual es tan importante: nos permite <strong>escuchar con las manos<\/strong>, detectar los desequilibrios y responder con la precisi\u00f3n que tu cuerpo necesita.<\/p>\n\n\n\n<p class=\"has-black-color has-text-color has-link-color wp-elements-fbefca5df95efe2a7f158fe910b8d34b\" style=\"font-size:clamp(14px, 0.875rem + ((1vw - 3.2px) * 0.313), 18px);\" data-block-type=\"core\">En ROM entendemos el contacto como una herramienta de comunicaci\u00f3n. A trav\u00e9s de \u00e9l, guiamos al cuerpo hacia la recuperaci\u00f3n, mejoramos la circulaci\u00f3n, reducimos tensiones y ayudamos a que cada tejido vuelva a funcionar de manera \u00f3ptima. Es una t\u00e9cnica que combina ciencia, sensibilidad y experiencia para ofrecerte una recuperaci\u00f3n m\u00e1s completa y duradera.<\/p>\n<\/div><\/div><\/div>\n<\/div><\/div>\n","protected":false},"excerpt":{"rendered":"<p>TERAPIA MANUAL El contacto que devuelve el equilibrio. La terapia manual es una de las herramientas m\u00e1s valiosas dentro de nuestro enfoque de trabajo. A trav\u00e9s de t\u00e9cnicas precisas de movilizaci\u00f3n, masaje, estiramiento y manipulaci\u00f3n articular, buscamos aliviar el dolor, recuperar la movilidad y restablecer el equilibrio natural del cuerpo. No se trata solo de [&hellip;]<\/p>\n","protected":false},"author":1,"featured_media":0,"parent":0,"menu_order":0,"comment_status":"closed","ping_status":"closed","template":"","meta":{"footnotes":""},"class_list":["post-703","page","type-page","status-publish","hentry"],"blocksy_meta":[],"yoast_head":"<!-- This site is optimized with the Yoast SEO plugin v27.5 - https:\/\/yoast.com\/product\/yoast-seo-wordpress\/ -->\n<title>TERAPIA MANUAL - ROM fisioterapia \u00b7 entrenamiento personal \u00b7 pilates<\/title>\n<meta name=\"robots\" content=\"index, follow, max-snippet:-1, max-image-preview:large, max-video-preview:-1\" \/>\n<link rel=\"canonical\" href=\"https:\/\/romfisioterapiayentrenamiento.es\/?page_id=703\" \/>\n<meta property=\"og:locale\" content=\"es_ES\" \/>\n<meta property=\"og:type\" content=\"article\" \/>\n<meta property=\"og:title\" content=\"TERAPIA MANUAL - ROM fisioterapia \u00b7 entrenamiento personal \u00b7 pilates\" \/>\n<meta property=\"og:description\" content=\"TERAPIA MANUAL El contacto que devuelve el equilibrio. La terapia manual es una de las herramientas m\u00e1s valiosas dentro de nuestro enfoque de trabajo. A trav\u00e9s de t\u00e9cnicas precisas de movilizaci\u00f3n, masaje, estiramiento y manipulaci\u00f3n articular, buscamos aliviar el dolor, recuperar la movilidad y restablecer el equilibrio natural del cuerpo. No se trata solo de [&hellip;]\" \/>\n<meta property=\"og:url\" content=\"https:\/\/romfisioterapiayentrenamiento.es\/?page_id=703\" \/>\n<meta property=\"og:site_name\" content=\"ROM fisioterapia \u00b7 entrenamiento personal \u00b7 pilates\" \/>\n<meta property=\"article:modified_time\" content=\"2025-11-05T20:31:27+00:00\" \/>\n<meta property=\"og:image\" content=\"https:\/\/romfisioterapiayentrenamiento.es\/wp-content\/uploads\/2025\/11\/wellness-1989863_1920-1-e1762374668653.jpg\" \/>\n\t<meta property=\"og:image:width\" content=\"1920\" \/>\n\t<meta property=\"og:image:height\" content=\"902\" \/>\n\t<meta property=\"og:image:type\" content=\"image\/jpeg\" \/>\n<meta name=\"twitter:card\" content=\"summary_large_image\" \/>\n<meta name=\"twitter:label1\" content=\"Tiempo de lectura\" \/>\n\t<meta name=\"twitter:data1\" content=\"1 minuto\" \/>\n<script type=\"application\/ld+json\" class=\"yoast-schema-graph\">{\"@context\":\"https:\\\/\\\/schema.org\",\"@graph\":[{\"@type\":\"WebPage\",\"@id\":\"https:\\\/\\\/romfisioterapiayentrenamiento.es\\\/?page_id=703\",\"url\":\"https:\\\/\\\/romfisioterapiayentrenamiento.es\\\/?page_id=703\",\"name\":\"TERAPIA MANUAL - ROM fisioterapia \u00b7 entrenamiento personal \u00b7 pilates\",\"isPartOf\":{\"@id\":\"https:\\\/\\\/romfisioterapiayentrenamiento.es\\\/#website\"},\"primaryImageOfPage\":{\"@id\":\"https:\\\/\\\/romfisioterapiayentrenamiento.es\\\/?page_id=703#primaryimage\"},\"image\":{\"@id\":\"https:\\\/\\\/romfisioterapiayentrenamiento.es\\\/?page_id=703#primaryimage\"},\"thumbnailUrl\":\"https:\\\/\\\/romfisioterapiayentrenamiento.es\\\/wp-content\\\/uploads\\\/2025\\\/11\\\/wellness-1989863_1920-1-e1762374668653.jpg\",\"datePublished\":\"2025-10-09T13:57:02+00:00\",\"dateModified\":\"2025-11-05T20:31:27+00:00\",\"breadcrumb\":{\"@id\":\"https:\\\/\\\/romfisioterapiayentrenamiento.es\\\/?page_id=703#breadcrumb\"},\"inLanguage\":\"es\",\"potentialAction\":[{\"@type\":\"ReadAction\",\"target\":[\"https:\\\/\\\/romfisioterapiayentrenamiento.es\\\/?page_id=703\"]}]},{\"@type\":\"ImageObject\",\"inLanguage\":\"es\",\"@id\":\"https:\\\/\\\/romfisioterapiayentrenamiento.es\\\/?page_id=703#primaryimage\",\"url\":\"https:\\\/\\\/romfisioterapiayentrenamiento.es\\\/wp-content\\\/uploads\\\/2025\\\/11\\\/wellness-1989863_1920-1-e1762374668653.jpg\",\"contentUrl\":\"https:\\\/\\\/romfisioterapiayentrenamiento.es\\\/wp-content\\\/uploads\\\/2025\\\/11\\\/wellness-1989863_1920-1-e1762374668653.jpg\",\"width\":1920,\"height\":902},{\"@type\":\"BreadcrumbList\",\"@id\":\"https:\\\/\\\/romfisioterapiayentrenamiento.es\\\/?page_id=703#breadcrumb\",\"itemListElement\":[{\"@type\":\"ListItem\",\"position\":1,\"name\":\"Portada\",\"item\":\"https:\\\/\\\/romfisioterapiayentrenamiento.es\\\/\"},{\"@type\":\"ListItem\",\"position\":2,\"name\":\"TERAPIA MANUAL\"}]},{\"@type\":\"WebSite\",\"@id\":\"https:\\\/\\\/romfisioterapiayentrenamiento.es\\\/#website\",\"url\":\"https:\\\/\\\/romfisioterapiayentrenamiento.es\\\/\",\"name\":\"ROM fisioterapia \u00b7 entrenamiento personal \u00b7 pilates\",\"description\":\"ROM Fisioterapia, Entrenamiento Personal y Pilates en Palencia. Mejora tu salud, postura y rendimiento con un enfoque integral y personalizado.\",\"publisher\":{\"@id\":\"https:\\\/\\\/romfisioterapiayentrenamiento.es\\\/#organization\"},\"potentialAction\":[{\"@type\":\"SearchAction\",\"target\":{\"@type\":\"EntryPoint\",\"urlTemplate\":\"https:\\\/\\\/romfisioterapiayentrenamiento.es\\\/?s={search_term_string}\"},\"query-input\":{\"@type\":\"PropertyValueSpecification\",\"valueRequired\":true,\"valueName\":\"search_term_string\"}}],\"inLanguage\":\"es\"},{\"@type\":\"Organization\",\"@id\":\"https:\\\/\\\/romfisioterapiayentrenamiento.es\\\/#organization\",\"name\":\"ROM fisioterapia \u00b7 entrenamiento personal \u00b7 pilates\",\"url\":\"https:\\\/\\\/romfisioterapiayentrenamiento.es\\\/\",\"logo\":{\"@type\":\"ImageObject\",\"inLanguage\":\"es\",\"@id\":\"https:\\\/\\\/romfisioterapiayentrenamiento.es\\\/#\\\/schema\\\/logo\\\/image\\\/\",\"url\":\"https:\\\/\\\/romfisioterapiayentrenamiento.es\\\/wp-content\\\/uploads\\\/2025\\\/08\\\/Diseno-sin-titulo-8.png\",\"contentUrl\":\"https:\\\/\\\/romfisioterapiayentrenamiento.es\\\/wp-content\\\/uploads\\\/2025\\\/08\\\/Diseno-sin-titulo-8.png\",\"width\":640,\"height\":200,\"caption\":\"ROM fisioterapia \u00b7 entrenamiento personal \u00b7 pilates\"},\"image\":{\"@id\":\"https:\\\/\\\/romfisioterapiayentrenamiento.es\\\/#\\\/schema\\\/logo\\\/image\\\/\"}}]}<\/script>\n<!-- \/ Yoast SEO plugin. -->","yoast_head_json":{"title":"TERAPIA MANUAL - ROM fisioterapia \u00b7 entrenamiento personal \u00b7 pilates","robots":{"index":"index","follow":"follow","max-snippet":"max-snippet:-1","max-image-preview":"max-image-preview:large","max-video-preview":"max-video-preview:-1"},"canonical":"https:\/\/romfisioterapiayentrenamiento.es\/?page_id=703","og_locale":"es_ES","og_type":"article","og_title":"TERAPIA MANUAL - ROM fisioterapia \u00b7 entrenamiento personal \u00b7 pilates","og_description":"TERAPIA MANUAL El contacto que devuelve el equilibrio. La terapia manual es una de las herramientas m\u00e1s valiosas dentro de nuestro enfoque de trabajo. A trav\u00e9s de t\u00e9cnicas precisas de movilizaci\u00f3n, masaje, estiramiento y manipulaci\u00f3n articular, buscamos aliviar el dolor, recuperar la movilidad y restablecer el equilibrio natural del cuerpo. No se trata solo de [&hellip;]","og_url":"https:\/\/romfisioterapiayentrenamiento.es\/?page_id=703","og_site_name":"ROM fisioterapia \u00b7 entrenamiento personal \u00b7 pilates","article_modified_time":"2025-11-05T20:31:27+00:00","og_image":[{"width":1920,"height":902,"url":"https:\/\/romfisioterapiayentrenamiento.es\/wp-content\/uploads\/2025\/11\/wellness-1989863_1920-1-e1762374668653.jpg","type":"image\/jpeg"}],"twitter_card":"summary_large_image","twitter_misc":{"Tiempo de lectura":"1 minuto"},"schema":{"@context":"https:\/\/schema.org","@graph":[{"@type":"WebPage","@id":"https:\/\/romfisioterapiayentrenamiento.es\/?page_id=703","url":"https:\/\/romfisioterapiayentrenamiento.es\/?page_id=703","name":"TERAPIA MANUAL - ROM fisioterapia \u00b7 entrenamiento personal \u00b7 pilates","isPartOf":{"@id":"https:\/\/romfisioterapiayentrenamiento.es\/#website"},"primaryImageOfPage":{"@id":"https:\/\/romfisioterapiayentrenamiento.es\/?page_id=703#primaryimage"},"image":{"@id":"https:\/\/romfisioterapiayentrenamiento.es\/?page_id=703#primaryimage"},"thumbnailUrl":"https:\/\/romfisioterapiayentrenamiento.es\/wp-content\/uploads\/2025\/11\/wellness-1989863_1920-1-e1762374668653.jpg","datePublished":"2025-10-09T13:57:02+00:00","dateModified":"2025-11-05T20:31:27+00:00","breadcrumb":{"@id":"https:\/\/romfisioterapiayentrenamiento.es\/?page_id=703#breadcrumb"},"inLanguage":"es","potentialAction":[{"@type":"ReadAction","target":["https:\/\/romfisioterapiayentrenamiento.es\/?page_id=703"]}]},{"@type":"ImageObject","inLanguage":"es","@id":"https:\/\/romfisioterapiayentrenamiento.es\/?page_id=703#primaryimage","url":"https:\/\/romfisioterapiayentrenamiento.es\/wp-content\/uploads\/2025\/11\/wellness-1989863_1920-1-e1762374668653.jpg","contentUrl":"https:\/\/romfisioterapiayentrenamiento.es\/wp-content\/uploads\/2025\/11\/wellness-1989863_1920-1-e1762374668653.jpg","width":1920,"height":902},{"@type":"BreadcrumbList","@id":"https:\/\/romfisioterapiayentrenamiento.es\/?page_id=703#breadcrumb","itemListElement":[{"@type":"ListItem","position":1,"name":"Portada","item":"https:\/\/romfisioterapiayentrenamiento.es\/"},{"@type":"ListItem","position":2,"name":"TERAPIA MANUAL"}]},{"@type":"WebSite","@id":"https:\/\/romfisioterapiayentrenamiento.es\/#website","url":"https:\/\/romfisioterapiayentrenamiento.es\/","name":"ROM fisioterapia \u00b7 entrenamiento personal \u00b7 pilates","description":"ROM Fisioterapia, Entrenamiento Personal y Pilates en Palencia. Mejora tu salud, postura y rendimiento con un enfoque integral y personalizado.","publisher":{"@id":"https:\/\/romfisioterapiayentrenamiento.es\/#organization"},"potentialAction":[{"@type":"SearchAction","target":{"@type":"EntryPoint","urlTemplate":"https:\/\/romfisioterapiayentrenamiento.es\/?s={search_term_string}"},"query-input":{"@type":"PropertyValueSpecification","valueRequired":true,"valueName":"search_term_string"}}],"inLanguage":"es"},{"@type":"Organization","@id":"https:\/\/romfisioterapiayentrenamiento.es\/#organization","name":"ROM fisioterapia \u00b7 entrenamiento personal \u00b7 pilates","url":"https:\/\/romfisioterapiayentrenamiento.es\/","logo":{"@type":"ImageObject","inLanguage":"es","@id":"https:\/\/romfisioterapiayentrenamiento.es\/#\/schema\/logo\/image\/","url":"https:\/\/romfisioterapiayentrenamiento.es\/wp-content\/uploads\/2025\/08\/Diseno-sin-titulo-8.png","contentUrl":"https:\/\/romfisioterapiayentrenamiento.es\/wp-content\/uploads\/2025\/08\/Diseno-sin-titulo-8.png","width":640,"height":200,"caption":"ROM fisioterapia \u00b7 entrenamiento personal \u00b7 pilates"},"image":{"@id":"https:\/\/romfisioterapiayentrenamiento.es\/#\/schema\/logo\/image\/"}}]}},"_links":{"self":[{"href":"https:\/\/romfisioterapiayentrenamiento.es\/index.php?rest_route=\/wp\/v2\/pages\/703","targetHints":{"allow":["GET"]}}],"collection":[{"href":"https:\/\/romfisioterapiayentrenamiento.es\/index.php?rest_route=\/wp\/v2\/pages"}],"about":[{"href":"https:\/\/romfisioterapiayentrenamiento.es\/index.php?rest_route=\/wp\/v2\/types\/page"}],"author":[{"embeddable":true,"href":"https:\/\/romfisioterapiayentrenamiento.es\/index.php?rest_route=\/wp\/v2\/users\/1"}],"replies":[{"embeddable":true,"href":"https:\/\/romfisioterapiayentrenamiento.es\/index.php?rest_route=%2Fwp%2Fv2%2Fcomments&post=703"}],"version-history":[{"count":8,"href":"https:\/\/romfisioterapiayentrenamiento.es\/index.php?rest_route=\/wp\/v2\/pages\/703\/revisions"}],"predecessor-version":[{"id":1261,"href":"https:\/\/romfisioterapiayentrenamiento.es\/index.php?rest_route=\/wp\/v2\/pages\/703\/revisions\/1261"}],"wp:attachment":[{"href":"https:\/\/romfisioterapiayentrenamiento.es\/index.php?rest_route=%2Fwp%2Fv2%2Fmedia&parent=703"}],"curies":[{"name":"wp","href":"https:\/\/api.w.org\/{rel}","templated":true}]}}